{"id":514,"date":"2024-10-02T17:04:49","date_gmt":"2024-10-02T20:04:49","guid":{"rendered":"https:\/\/dedweb.com.br\/verdereal\/?post_type=product&#038;p=514"},"modified":"2025-11-29T11:47:21","modified_gmt":"2025-11-29T14:47:21","slug":"erva-mate-terere-limao-e-menta-500g-verde-real","status":"publish","type":"product","link":"https:\/\/ervamateverdereal.com.br\/en\/product\/erva-mate-terere-limao-e-menta-500g-verde-real\/","title":{"rendered":"Erva Mate Terer\u00ea Lim\u00e3o e Menta 500g &#8211; Verde Real"},"content":{"rendered":"<p>A Erva Mate Terer\u00ea Lim\u00e3o 500g &#8211; Verde Real combina o frescor do lim\u00e3o com a qualidade da erva mate, proporcionando uma bebida leve e revigorante. Ideal para momentos de descontra\u00e7\u00e3o, \u00e9 perfeita para quem busca refresc\u00e2ncia com um toque c\u00edtrico em cada gole. Embalagem de 500g, pr\u00e1tica para o dia a dia.<\/p>","protected":false},"excerpt":{"rendered":"<p>A Erva Mate Terer\u00ea Lim\u00e3o 500g &#8211; Verde Real combina o frescor do lim\u00e3o com a qualidade da erva mate, proporcionando uma bebida leve e revigorante. Ideal para momentos de descontra\u00e7\u00e3o, \u00e9 perfeita para quem busca refresc\u00e2ncia com um toque c\u00edtrico em cada gole. Embalagem de 500g, pr\u00e1tica para o dia a dia.<\/p>","protected":false},"featured_media":41,"template":"","meta":[],"product_brand":[],"product_cat":[16,23],"product_tag":[],"class_list":{"0":"post-514","1":"product","2":"type-product","3":"status-publish","4":"has-post-thumbnail","6":"product_cat-sem-categoria","7":"product_cat-terere","9":"first","10":"instock","11":"sale","12":"taxable","13":"shipping-taxable","14":"purchasable","15":"product-type-simple"},"aioseo_notices":[],"_links":{"self":[{"href":"https:\/\/ervamateverdereal.com.br\/en\/wp-json\/wp\/v2\/product\/514","targetHints":{"allow":["GET"]}}],"collection":[{"href":"https:\/\/ervamateverdereal.com.br\/en\/wp-json\/wp\/v2\/product"}],"about":[{"href":"https:\/\/ervamateverdereal.com.br\/en\/wp-json\/wp\/v2\/types\/product"}],"wp:featuredmedia":[{"embeddable":true,"href":"https:\/\/ervamateverdereal.com.br\/en\/wp-json\/wp\/v2\/media\/41"}],"wp:attachment":[{"href":"https:\/\/ervamateverdereal.com.br\/en\/wp-json\/wp\/v2\/media?parent=514"}],"wp:term":[{"taxonomy":"product_brand","embeddable":true,"href":"https:\/\/ervamateverdereal.com.br\/en\/wp-json\/wp\/v2\/product_brand?post=514"},{"taxonomy":"product_cat","embeddable":true,"href":"https:\/\/ervamateverdereal.com.br\/en\/wp-json\/wp\/v2\/product_cat?post=514"},{"taxonomy":"product_tag","embeddable":true,"href":"https:\/\/ervamateverdereal.com.br\/en\/wp-json\/wp\/v2\/product_tag?post=514"}],"curies":[{"name":"wp","href":"https:\/\/api.w.org\/{rel}","templated":true}]}}