{"id":513,"date":"2024-10-02T17:04:08","date_gmt":"2024-10-02T20:04:08","guid":{"rendered":"https:\/\/dedweb.com.br\/verdereal\/?post_type=product&#038;p=513"},"modified":"2025-08-07T12:23:15","modified_gmt":"2025-08-07T15:23:15","slug":"erva-mate-terere-abacaxi-500g-verde-real","status":"publish","type":"product","link":"https:\/\/ervamateverdereal.com.br\/en\/product\/erva-mate-terere-abacaxi-500g-verde-real\/","title":{"rendered":"Terer\u00ea Pineapple Yerba Mate 500g \u2013 Real Green"},"content":{"rendered":"<p>A Erva Mate Terer\u00ea Abacaxi 500g &#8211; Verde Real combina o frescor do lim\u00e3o com a qualidade da erva mate, proporcionando uma bebida leve e revigorante. Ideal para momentos de descontra\u00e7\u00e3o, \u00e9 perfeita para quem busca refresc\u00e2ncia com um toque c\u00edtrico em cada gole. Embalagem de 500g, pr\u00e1tica para o dia a dia.<\/p>","protected":false},"excerpt":{"rendered":"<p>A Erva Mate Terer\u00ea Abacaxi 500g &#8211; Verde Real combina o frescor do lim\u00e3o com a qualidade da erva mate, proporcionando uma bebida leve e revigorante. Ideal para momentos de descontra\u00e7\u00e3o, \u00e9 perfeita para quem busca refresc\u00e2ncia com um toque c\u00edtrico em cada gole. Embalagem de 500g, pr\u00e1tica para o dia a dia.<\/p>","protected":false},"featured_media":42,"template":"","meta":[],"product_brand":[],"product_cat":[23],"product_tag":[],"class_list":{"0":"post-513","1":"product","2":"type-product","3":"status-publish","4":"has-post-thumbnail","6":"product_cat-terere","8":"first","9":"instock","10":"sale","11":"taxable","12":"shipping-taxable","13":"purchasable","14":"product-type-simple"},"aioseo_notices":[],"_links":{"self":[{"href":"https:\/\/ervamateverdereal.com.br\/en\/wp-json\/wp\/v2\/product\/513","targetHints":{"allow":["GET"]}}],"collection":[{"href":"https:\/\/ervamateverdereal.com.br\/en\/wp-json\/wp\/v2\/product"}],"about":[{"href":"https:\/\/ervamateverdereal.com.br\/en\/wp-json\/wp\/v2\/types\/product"}],"wp:featuredmedia":[{"embeddable":true,"href":"https:\/\/ervamateverdereal.com.br\/en\/wp-json\/wp\/v2\/media\/42"}],"wp:attachment":[{"href":"https:\/\/ervamateverdereal.com.br\/en\/wp-json\/wp\/v2\/media?parent=513"}],"wp:term":[{"taxonomy":"product_brand","embeddable":true,"href":"https:\/\/ervamateverdereal.com.br\/en\/wp-json\/wp\/v2\/product_brand?post=513"},{"taxonomy":"product_cat","embeddable":true,"href":"https:\/\/ervamateverdereal.com.br\/en\/wp-json\/wp\/v2\/product_cat?post=513"},{"taxonomy":"product_tag","embeddable":true,"href":"https:\/\/ervamateverdereal.com.br\/en\/wp-json\/wp\/v2\/product_tag?post=513"}],"curies":[{"name":"wp","href":"https:\/\/api.w.org\/{rel}","templated":true}]}}