{"id":480,"date":"2024-10-02T16:35:51","date_gmt":"2024-10-02T19:35:51","guid":{"rendered":"https:\/\/dedweb.com.br\/verdereal\/?post_type=product&#038;p=480"},"modified":"2025-08-07T12:28:06","modified_gmt":"2025-08-07T15:28:06","slug":"erva-mate-tradicional-1kg-verde-real","status":"publish","type":"product","link":"https:\/\/ervamateverdereal.com.br\/en\/product\/erva-mate-tradicional-1kg-verde-real\/","title":{"rendered":"Traditional Yerba Mate 1Kg \u2013 Verde Real"},"content":{"rendered":"<p>A Erva Mate Tradicional 1Kg &#8211; Verde Real \u00e9 a escolha ideal para os amantes de um chimarr\u00e3o aut\u00eantico. Feita com folhas selecionadas, oferece um sabor intenso e equilibrado. Com embalagem de 1kg, \u00e9 perfeita para quem valoriza tradi\u00e7\u00e3o e qualidade em cada mateada.<\/p>","protected":false},"excerpt":{"rendered":"<p>A Erva Mate Tradicional 1Kg &#8211; Verde Real \u00e9 a escolha ideal para os amantes de um chimarr\u00e3o aut\u00eantico. Feita com folhas selecionadas, oferece um sabor intenso e equilibrado. Com embalagem de 1kg, \u00e9 perfeita para quem valoriza tradi\u00e7\u00e3o e qualidade em cada mateada.<\/p>","protected":false},"featured_media":45,"template":"","meta":[],"product_brand":[],"product_cat":[16,22],"product_tag":[],"class_list":{"0":"post-480","1":"product","2":"type-product","3":"status-publish","4":"has-post-thumbnail","6":"product_cat-sem-categoria","7":"product_cat-tradicional","9":"first","10":"instock","11":"sale","12":"taxable","13":"shipping-taxable","14":"purchasable","15":"product-type-simple"},"aioseo_notices":[],"_links":{"self":[{"href":"https:\/\/ervamateverdereal.com.br\/en\/wp-json\/wp\/v2\/product\/480","targetHints":{"allow":["GET"]}}],"collection":[{"href":"https:\/\/ervamateverdereal.com.br\/en\/wp-json\/wp\/v2\/product"}],"about":[{"href":"https:\/\/ervamateverdereal.com.br\/en\/wp-json\/wp\/v2\/types\/product"}],"wp:featuredmedia":[{"embeddable":true,"href":"https:\/\/ervamateverdereal.com.br\/en\/wp-json\/wp\/v2\/media\/45"}],"wp:attachment":[{"href":"https:\/\/ervamateverdereal.com.br\/en\/wp-json\/wp\/v2\/media?parent=480"}],"wp:term":[{"taxonomy":"product_brand","embeddable":true,"href":"https:\/\/ervamateverdereal.com.br\/en\/wp-json\/wp\/v2\/product_brand?post=480"},{"taxonomy":"product_cat","embeddable":true,"href":"https:\/\/ervamateverdereal.com.br\/en\/wp-json\/wp\/v2\/product_cat?post=480"},{"taxonomy":"product_tag","embeddable":true,"href":"https:\/\/ervamateverdereal.com.br\/en\/wp-json\/wp\/v2\/product_tag?post=480"}],"curies":[{"name":"wp","href":"https:\/\/api.w.org\/{rel}","templated":true}]}}