{"id":479,"date":"2024-10-02T16:34:41","date_gmt":"2024-10-02T19:34:41","guid":{"rendered":"https:\/\/dedweb.com.br\/verdereal\/?post_type=product&#038;p=479"},"modified":"2025-08-07T12:29:13","modified_gmt":"2025-08-07T15:29:13","slug":"erva-mate-alto-vacuo-1kg-verde-real","status":"publish","type":"product","link":"https:\/\/ervamateverdereal.com.br\/en\/product\/erva-mate-alto-vacuo-1kg-verde-real\/","title":{"rendered":"High Vacuum Yerba Mate 1Kg \u2013 Verde Real"},"content":{"rendered":"<p>Verde Real&#039;s High Vacuum Yerba Mate is synonymous with freshness and quality. Packed using vacuum technology, it preserves its flavor and aroma for longer, ensuring an intense and invigorating chimarr\u00e3o experience. With a uniform cut and selected leaves, this herb provides a rich and long-lasting infusion, ideal for those who enjoy a robust and authentic chimarr\u00e3o. Enjoy every sip and feel the true essence of southern Brazil!<\/p>","protected":false},"excerpt":{"rendered":"<p>A Erva Mate Alto V\u00e1cuo da Verde Real \u00e9 sin\u00f4nimo de frescor e qualidade. Embalada em tecnologia de v\u00e1cuo, ela preserva o sabor e o aroma por mais tempo, garantindo uma experi\u00eancia de chimarr\u00e3o intensa e revigorante. Com um corte uniforme e folhas selecionadas, essa erva proporciona uma infus\u00e3o rica e duradoura, ideal para quem [&hellip;]<\/p>","protected":false},"featured_media":46,"template":"","meta":[],"product_brand":[],"product_cat":[16,22],"product_tag":[],"class_list":{"0":"post-479","1":"product","2":"type-product","3":"status-publish","4":"has-post-thumbnail","6":"product_cat-sem-categoria","7":"product_cat-tradicional","9":"first","10":"instock","11":"sale","12":"taxable","13":"shipping-taxable","14":"purchasable","15":"product-type-simple"},"aioseo_notices":[],"_links":{"self":[{"href":"https:\/\/ervamateverdereal.com.br\/en\/wp-json\/wp\/v2\/product\/479","targetHints":{"allow":["GET"]}}],"collection":[{"href":"https:\/\/ervamateverdereal.com.br\/en\/wp-json\/wp\/v2\/product"}],"about":[{"href":"https:\/\/ervamateverdereal.com.br\/en\/wp-json\/wp\/v2\/types\/product"}],"wp:featuredmedia":[{"embeddable":true,"href":"https:\/\/ervamateverdereal.com.br\/en\/wp-json\/wp\/v2\/media\/46"}],"wp:attachment":[{"href":"https:\/\/ervamateverdereal.com.br\/en\/wp-json\/wp\/v2\/media?parent=479"}],"wp:term":[{"taxonomy":"product_brand","embeddable":true,"href":"https:\/\/ervamateverdereal.com.br\/en\/wp-json\/wp\/v2\/product_brand?post=479"},{"taxonomy":"product_cat","embeddable":true,"href":"https:\/\/ervamateverdereal.com.br\/en\/wp-json\/wp\/v2\/product_cat?post=479"},{"taxonomy":"product_tag","embeddable":true,"href":"https:\/\/ervamateverdereal.com.br\/en\/wp-json\/wp\/v2\/product_tag?post=479"}],"curies":[{"name":"wp","href":"https:\/\/api.w.org\/{rel}","templated":true}]}}