{"id":2056,"date":"2026-04-28T16:41:05","date_gmt":"2026-04-28T19:41:05","guid":{"rendered":"https:\/\/ervamateverdereal.com.br\/?post_type=product&#038;p=2056"},"modified":"2026-04-28T19:25:34","modified_gmt":"2026-04-28T22:25:34","slug":"erva-mate-premium-1kg-verde-real","status":"publish","type":"product","link":"https:\/\/ervamateverdereal.com.br\/en\/product\/erva-mate-premium-1kg-verde-real\/","title":{"rendered":"Erva Mate Premium 1Kg \u2013 Verde Real"},"content":{"rendered":"<div class=\"n6owBd awi2gc\" data-sfc-cp=\"\" data-sfc-root=\"c\" data-sfc-cb=\"\" data-hveid=\"CAEIAhAA\" data-complete=\"true\" data-processed=\"true\">No Sul do Paran\u00e1, em\u00a0<strong class=\"Yjhzub\" data-sfc-root=\"c\" data-sfc-cb=\"\" data-complete=\"true\" data-processed=\"true\">Bituruna<\/strong>, a tradi\u00e7\u00e3o da Erva-Mate atravessa gera\u00e7\u00f5es e molda a identidade da nossa terra.<\/div>\n<div class=\"n6owBd awi2gc\" data-sfc-cp=\"\" data-sfc-root=\"c\" data-sfc-cb=\"\" data-hveid=\"CAEIAxAA\" data-complete=\"true\" data-processed=\"true\">A Verde Real Premium tem sua origem em ervais nativos e sombreados, onde o crescimento mais lento e protegido do sol intenso contribui para um sabor mais equilibrado, aroma marcante e colora\u00e7\u00e3o verde vibrante.<\/div>\n<div data-sfc-cp=\"\" data-sfc-root=\"c\" data-sfc-cb=\"\" data-hveid=\"CAEIAxAA\" data-complete=\"true\" data-processed=\"true\"><\/div>\n<div class=\"n6owBd awi2gc\" data-sfc-cp=\"\" data-sfc-root=\"c\" data-sfc-cb=\"\" data-hveid=\"CAEIBBAA\" data-complete=\"true\" data-processed=\"true\">Reconhecida por suas propriedades naturalmente estimulantes e antioxidantes, a Erva-Mate faz parte da cultura, da economia e do cotidiano do nosso povo. \u00c9 dela que nasce o verdadeiro chimarr\u00e3o \u2014 s\u00edmbolo de hospitalidade, parceria e tradi\u00e7\u00e3o.<\/div>\n<div data-sfc-cp=\"\" data-sfc-root=\"c\" data-sfc-cb=\"\" data-hveid=\"CAEIBhAA\" data-complete=\"true\" data-processed=\"true\"><\/div>\n<div class=\"n6owBd awi2gc\" data-sfc-cp=\"\" data-sfc-root=\"c\" data-sfc-cb=\"\" data-hveid=\"CAEIBhAA\" data-complete=\"true\" data-processed=\"true\">Com rigor na sele\u00e7\u00e3o da mat\u00e9ria-prima e cuidado em cada etapa do processo, entregamos qualidade superior, frescor e padr\u00e3o elevado em cada embalagem.<\/div>\n<div class=\"n6owBd awi2gc\" data-sfc-cp=\"\" data-sfc-root=\"c\" data-sfc-cb=\"\" data-hveid=\"CAEIBxAA\" data-complete=\"true\" data-processed=\"true\" aria-owns=\"action-menu-parent-container\">Verde Real Premium o Ouro Verde do sul do Paran\u00e1<\/div>","protected":false},"excerpt":{"rendered":"<p>No Sul do Paran\u00e1, em\u00a0Bituruna, a tradi\u00e7\u00e3o da Erva-Mate atravessa gera\u00e7\u00f5es e molda a identidade da nossa terra. A Verde Real Premium tem sua origem em ervais nativos e sombreados, onde o crescimento mais lento e protegido do sol intenso contribui para um sabor mais equilibrado, aroma marcante e colora\u00e7\u00e3o verde vibrante. Reconhecida por suas [&hellip;]<\/p>","protected":false},"featured_media":2057,"template":"","meta":[],"product_brand":[],"product_cat":[16],"product_tag":[],"class_list":{"0":"post-2056","1":"product","2":"type-product","3":"status-publish","4":"has-post-thumbnail","6":"product_cat-sem-categoria","8":"first","9":"instock","10":"sale","11":"taxable","12":"shipping-taxable","13":"purchasable","14":"product-type-simple"},"aioseo_notices":[],"_links":{"self":[{"href":"https:\/\/ervamateverdereal.com.br\/en\/wp-json\/wp\/v2\/product\/2056","targetHints":{"allow":["GET"]}}],"collection":[{"href":"https:\/\/ervamateverdereal.com.br\/en\/wp-json\/wp\/v2\/product"}],"about":[{"href":"https:\/\/ervamateverdereal.com.br\/en\/wp-json\/wp\/v2\/types\/product"}],"wp:featuredmedia":[{"embeddable":true,"href":"https:\/\/ervamateverdereal.com.br\/en\/wp-json\/wp\/v2\/media\/2057"}],"wp:attachment":[{"href":"https:\/\/ervamateverdereal.com.br\/en\/wp-json\/wp\/v2\/media?parent=2056"}],"wp:term":[{"taxonomy":"product_brand","embeddable":true,"href":"https:\/\/ervamateverdereal.com.br\/en\/wp-json\/wp\/v2\/product_brand?post=2056"},{"taxonomy":"product_cat","embeddable":true,"href":"https:\/\/ervamateverdereal.com.br\/en\/wp-json\/wp\/v2\/product_cat?post=2056"},{"taxonomy":"product_tag","embeddable":true,"href":"https:\/\/ervamateverdereal.com.br\/en\/wp-json\/wp\/v2\/product_tag?post=2056"}],"curies":[{"name":"wp","href":"https:\/\/api.w.org\/{rel}","templated":true}]}}