{"id":1144,"date":"2025-07-29T13:38:51","date_gmt":"2025-07-29T16:38:51","guid":{"rendered":"https:\/\/ervamateverdereal.com.br\/?post_type=product&#038;p=1144"},"modified":"2025-08-07T12:17:30","modified_gmt":"2025-08-07T15:17:30","slug":"erva-mate-missoes-1kg-verde-real","status":"publish","type":"product","link":"https:\/\/ervamateverdereal.com.br\/en\/product\/erva-mate-missoes-1kg-verde-real\/","title":{"rendered":"Yerba Mate Missions 1Kg \u2013 Verde Real"},"content":{"rendered":"<p>Erva-Mate Miss\u00f5es \u00e9 uma nova marca da linha de produtos da Verde Real embalado a v\u00e1cuo, extra\u00edda dos ervais cultivados as sombras da Mata Atl\u00e2ntica do estado do Paran\u00e1, proporcionando um sabor suave e duradouro para um bom chimarr\u00e3o.<\/p>","protected":false},"excerpt":{"rendered":"<p>Erva-Mate Miss\u00f5es \u00e9 uma nova marca da linha de produtos da Verde Real embalado a v\u00e1cuo, extra\u00edda dos ervais cultivados as sombras da Mata Atl\u00e2ntica do estado do Paran\u00e1, proporcionando um sabor suave e duradouro para um bom chimarr\u00e3o.<\/p>","protected":false},"featured_media":1184,"template":"","meta":[],"product_brand":[],"product_cat":[16,22],"product_tag":[],"class_list":{"0":"post-1144","1":"product","2":"type-product","3":"status-publish","4":"has-post-thumbnail","6":"product_cat-sem-categoria","7":"product_cat-tradicional","9":"first","10":"instock","11":"sale","12":"taxable","13":"shipping-taxable","14":"purchasable","15":"product-type-simple"},"aioseo_notices":[],"_links":{"self":[{"href":"https:\/\/ervamateverdereal.com.br\/en\/wp-json\/wp\/v2\/product\/1144","targetHints":{"allow":["GET"]}}],"collection":[{"href":"https:\/\/ervamateverdereal.com.br\/en\/wp-json\/wp\/v2\/product"}],"about":[{"href":"https:\/\/ervamateverdereal.com.br\/en\/wp-json\/wp\/v2\/types\/product"}],"wp:featuredmedia":[{"embeddable":true,"href":"https:\/\/ervamateverdereal.com.br\/en\/wp-json\/wp\/v2\/media\/1184"}],"wp:attachment":[{"href":"https:\/\/ervamateverdereal.com.br\/en\/wp-json\/wp\/v2\/media?parent=1144"}],"wp:term":[{"taxonomy":"product_brand","embeddable":true,"href":"https:\/\/ervamateverdereal.com.br\/en\/wp-json\/wp\/v2\/product_brand?post=1144"},{"taxonomy":"product_cat","embeddable":true,"href":"https:\/\/ervamateverdereal.com.br\/en\/wp-json\/wp\/v2\/product_cat?post=1144"},{"taxonomy":"product_tag","embeddable":true,"href":"https:\/\/ervamateverdereal.com.br\/en\/wp-json\/wp\/v2\/product_tag?post=1144"}],"curies":[{"name":"wp","href":"https:\/\/api.w.org\/{rel}","templated":true}]}}