{"id":337,"date":"2024-10-02T14:53:39","date_gmt":"2024-10-02T17:53:39","guid":{"rendered":"https:\/\/dedweb.com.br\/verdereal\/?page_id=337"},"modified":"2025-01-30T13:38:04","modified_gmt":"2025-01-30T16:38:04","slug":"verde-real-erva-mate-institucional","status":"publish","type":"page","link":"https:\/\/ervamateverdereal.com.br\/en\/verde-real-erva-mate-institucional\/","title":{"rendered":"Institucional &#8211; Verde Real Erva Mate"},"content":{"rendered":"<div data-elementor-type=\"wp-page\" data-elementor-id=\"337\" class=\"elementor elementor-337\" data-elementor-post-type=\"page\">\n\t\t\t\t<div class=\"elementor-element elementor-element-8400e97 e-flex e-con-boxed e-con e-parent\" data-id=\"8400e97\" data-element_type=\"container\" data-e-type=\"container\">\n\t\t\t\t\t<div class=\"e-con-inner\">\n\t\t<div class=\"elementor-element elementor-element-092db41 e-con-full e-flex e-con e-child\" data-id=\"092db41\" data-element_type=\"container\" data-e-type=\"container\">\n\t\t\t\t<div class=\"elementor-element elementor-element-6a7fa31 elementor-widget elementor-widget-image\" data-id=\"6a7fa31\" data-element_type=\"widget\" data-e-type=\"widget\" data-widget_type=\"image.default\">\n\t\t\t\t<div class=\"elementor-widget-container\">\n\t\t\t\t\t\t\t\t\t\t\t\t\t\t\t<img fetchpriority=\"high\" decoding=\"async\" width=\"1500\" height=\"1724\" src=\"https:\/\/ervamateverdereal.com.br\/wp-content\/uploads\/2025\/01\/cuia-1.png\" class=\"attachment-full size-full wp-image-951\" alt=\"\" srcset=\"https:\/\/ervamateverdereal.com.br\/wp-content\/uploads\/2025\/01\/cuia-1.png 1500w, https:\/\/ervamateverdereal.com.br\/wp-content\/uploads\/2025\/01\/cuia-1-261x300.png 261w, https:\/\/ervamateverdereal.com.br\/wp-content\/uploads\/2025\/01\/cuia-1-891x1024.png 891w, https:\/\/ervamateverdereal.com.br\/wp-content\/uploads\/2025\/01\/cuia-1-768x883.png 768w, https:\/\/ervamateverdereal.com.br\/wp-content\/uploads\/2025\/01\/cuia-1-1336x1536.png 1336w, https:\/\/ervamateverdereal.com.br\/wp-content\/uploads\/2025\/01\/cuia-1-10x12.png 10w, https:\/\/ervamateverdereal.com.br\/wp-content\/uploads\/2025\/01\/cuia-1-600x690.png 600w\" sizes=\"(max-width: 1500px) 100vw, 1500px\" \/>\t\t\t\t\t\t\t\t\t\t\t\t\t\t\t<\/div>\n\t\t\t\t<\/div>\n\t\t\t\t<\/div>\n\t\t<div class=\"elementor-element elementor-element-2387234 e-con-full e-flex e-con e-child\" data-id=\"2387234\" data-element_type=\"container\" data-e-type=\"container\">\n\t\t\t\t<div class=\"elementor-element elementor-element-8e73445 elementor-widget elementor-widget-heading\" data-id=\"8e73445\" data-element_type=\"widget\" data-e-type=\"widget\" data-widget_type=\"heading.default\">\n\t\t\t\t<div class=\"elementor-widget-container\">\n\t\t\t\t\t<h2 class=\"elementor-heading-title elementor-size-default\">Conhe\u00e7a <b> our history<\/b><\/h2>\t\t\t\t<\/div>\n\t\t\t\t<\/div>\n\t\t\t\t<div class=\"elementor-element elementor-element-ef1b1e8 elementor-widget elementor-widget-text-editor\" data-id=\"ef1b1e8\" data-element_type=\"widget\" data-e-type=\"widget\" data-widget_type=\"text-editor.default\">\n\t\t\t\t<div class=\"elementor-widget-container\">\n\t\t\t\t\t\t\t\t\t<p class=\"western\">Com o olhar para o futuro, a Verde Real est\u00e1 focada na atualidade, na modernidade, mantendo a tradi\u00e7\u00e3o da cultura do Mate. A industrializa\u00e7\u00e3o permite que a possibilidade da entrega do nosso produto seja realizada, mas, \u00e9 o artesanal que mant\u00e9m a qualidade e grande procura que nossos mateadores fazem. \u00c9 o nosso passado que permite nossa vis\u00e3o focar o futuro!<\/p><p class=\"western\">A miss\u00e3o da Verde Real \u00e9 entregar para o cliente final um produto de alt\u00edssima qualidade, executada com respeito, trabalho e honestidade. Todo o processo de cria\u00e7\u00e3o da Verde Real passa por uma equipe que trabalha com amor, honra e orgulho. E todo essa energia de gratid\u00e3o transparesse em nossos produtos. Nossa miss\u00e3o sempre manter o nosso produto com extrema qualidade, desde a planta\u00e7\u00e3o at\u00e9 a entrega!<\/p>\t\t\t\t\t\t\t\t<\/div>\n\t\t\t\t<\/div>\n\t\t\t\t<\/div>\n\t\t\t\t\t<\/div>\n\t\t\t\t<\/div>\n\t\t<div class=\"elementor-element elementor-element-4a95924 e-flex e-con-boxed e-con e-parent\" data-id=\"4a95924\" data-element_type=\"container\" data-e-type=\"container\">\n\t\t\t\t\t<div class=\"e-con-inner\">\n\t\t<div class=\"elementor-element elementor-element-0fc25a7 e-con-full e-flex e-con e-child\" data-id=\"0fc25a7\" data-element_type=\"container\" data-e-type=\"container\">\n\t\t\t\t<div class=\"elementor-element elementor-element-d7aae7b elementor-widget elementor-widget-heading\" data-id=\"d7aae7b\" data-element_type=\"widget\" data-e-type=\"widget\" data-widget_type=\"heading.default\">\n\t\t\t\t<div class=\"elementor-widget-container\">\n\t\t\t\t\t<h2 class=\"elementor-heading-title elementor-size-default\">Uma parceria de <b>sucesso<\/b><\/h2>\t\t\t\t<\/div>\n\t\t\t\t<\/div>\n\t\t\t\t<div class=\"elementor-element elementor-element-7116535 elementor-widget elementor-widget-text-editor\" data-id=\"7116535\" data-element_type=\"widget\" data-e-type=\"widget\" data-widget_type=\"text-editor.default\">\n\t\t\t\t<div class=\"elementor-widget-container\">\n\t\t\t\t\t\t\t\t\t<p class=\"western\">\u00c9tica, Compromisso e Responsabildiade s\u00e3o as palavras chaves que fazem os Valores da Verde Real serem vivenciados. Partindo dos principias da equipe, da produ\u00e7\u00e3o, e do produto em si. Cada etapa executada dentro da Verde Real, passam por nossos valores, aprimorando eles a cada dia. Os erros comuns do ser humano, que acontecem no cotidiando de todas as empresas, valorizam e aperfei\u00e7oam cada vez mais os nossos Valores \u00c9ticos e Morais.<\/p>\t\t\t\t\t\t\t\t<\/div>\n\t\t\t\t<\/div>\n\t\t\t\t<\/div>\n\t\t<div class=\"elementor-element elementor-element-331b958 e-con-full e-flex e-con e-child\" data-id=\"331b958\" data-element_type=\"container\" data-e-type=\"container\">\n\t\t\t\t<div class=\"elementor-element elementor-element-0547aef elementor-widget elementor-widget-image\" data-id=\"0547aef\" data-element_type=\"widget\" data-e-type=\"widget\" data-widget_type=\"image.default\">\n\t\t\t\t<div class=\"elementor-widget-container\">\n\t\t\t\t\t\t\t\t\t\t\t\t\t\t\t\t<a href=\"https:\/\/dedweb.com.br\/verdereal\/loja\/\">\n\t\t\t\t\t\t\t<img decoding=\"async\" width=\"653\" height=\"843\" src=\"https:\/\/ervamateverdereal.com.br\/wp-content\/uploads\/2024\/10\/imagem_2024-10-02_145024917.png\" class=\"attachment-full size-full wp-image-339\" alt=\"\" srcset=\"https:\/\/ervamateverdereal.com.br\/wp-content\/uploads\/2024\/10\/imagem_2024-10-02_145024917.png 653w, https:\/\/ervamateverdereal.com.br\/wp-content\/uploads\/2024\/10\/imagem_2024-10-02_145024917-600x775.png 600w, https:\/\/ervamateverdereal.com.br\/wp-content\/uploads\/2024\/10\/imagem_2024-10-02_145024917-232x300.png 232w\" sizes=\"(max-width: 653px) 100vw, 653px\" \/>\t\t\t\t\t\t\t\t<\/a>\n\t\t\t\t\t\t\t\t\t\t\t\t\t\t\t<\/div>\n\t\t\t\t<\/div>\n\t\t\t\t<\/div>\n\t\t\t\t\t<\/div>\n\t\t\t\t<\/div>\n\t\t\t\t<\/div>","protected":false},"excerpt":{"rendered":"<p>Conhe\u00e7a nossa hist\u00f3ria Com o olhar para o futuro, a Verde Real est\u00e1 focada na atualidade, na modernidade, mantendo a tradi\u00e7\u00e3o da cultura do Mate. A industrializa\u00e7\u00e3o permite que a possibilidade da entrega do nosso produto seja realizada, mas, \u00e9 o artesanal que mant\u00e9m a qualidade e grande procura que nossos mateadores fazem. \u00c9 o [&hellip;]<\/p>","protected":false},"author":1,"featured_media":0,"parent":0,"menu_order":0,"comment_status":"closed","ping_status":"closed","template":"elementor_header_footer","meta":{"footnotes":""},"class_list":["post-337","page","type-page","status-publish","hentry"],"aioseo_notices":[],"_links":{"self":[{"href":"https:\/\/ervamateverdereal.com.br\/en\/wp-json\/wp\/v2\/pages\/337","targetHints":{"allow":["GET"]}}],"collection":[{"href":"https:\/\/ervamateverdereal.com.br\/en\/wp-json\/wp\/v2\/pages"}],"about":[{"href":"https:\/\/ervamateverdereal.com.br\/en\/wp-json\/wp\/v2\/types\/page"}],"author":[{"embeddable":true,"href":"https:\/\/ervamateverdereal.com.br\/en\/wp-json\/wp\/v2\/users\/1"}],"replies":[{"embeddable":true,"href":"https:\/\/ervamateverdereal.com.br\/en\/wp-json\/wp\/v2\/comments?post=337"}],"version-history":[{"count":0,"href":"https:\/\/ervamateverdereal.com.br\/en\/wp-json\/wp\/v2\/pages\/337\/revisions"}],"wp:attachment":[{"href":"https:\/\/ervamateverdereal.com.br\/en\/wp-json\/wp\/v2\/media?parent=337"}],"curies":[{"name":"wp","href":"https:\/\/api.w.org\/{rel}","templated":true}]}}